{"id":90,"date":"2019-09-04T11:24:45","date_gmt":"2019-09-04T09:24:45","guid":{"rendered":"http:\/\/demo.architekten-jwr.de\/?page_id=90"},"modified":"2019-09-04T11:34:24","modified_gmt":"2019-09-04T09:34:24","slug":"thomas-ruttkowski","status":"publish","type":"page","link":"https:\/\/www.architekten-jwr.de\/?page_id=90","title":{"rendered":"Thomas Ruttkowski"},"content":{"rendered":"\n<p><\/p>\n\n\n\n<p><strong>1967<\/strong><\/p>\n\n\n\n<p>geboren in Recklinghausen<\/p>\n\n\n\n<p><strong>1989 &#8211; 1994<\/strong><\/p>\n\n\n\n<p>Studium FH Bochum<\/p>\n\n\n\n<p><strong>1994<\/strong><\/p>\n\n\n\n<p>Diplom an der FH Bochum<\/p>\n\n\n\n<p><strong>1994 &#8211; 1995<\/strong><\/p>\n\n\n\n<p>Architekten Lingenh\u00f6fer &amp; Partner<\/p>\n\n\n\n<p><strong>1995<\/strong><\/p>\n\n\n\n<p>Eintragung in die Architektenliste NRW<\/p>\n\n\n\n<p><strong>1996 &#8211; 1997<\/strong><\/p>\n\n\n\n<p>Selbstst\u00e4ndigkeit, B\u00fcrogemeinschaft G&amp;R<\/p>\n\n\n\n<p><strong>1997 &#8211; 2002<\/strong><\/p>\n\n\n\n<p>Otto Scherff GmbH, Abteilungsleiter<\/p>\n\n\n\n<p><strong>2002 &#8211; 2005<\/strong><\/p>\n\n\n\n<p>IEG GmbH, Planungsmanager Gro\u00dfprojekte<\/p>\n\n\n\n<p><strong>2005 &#8211; 2006<\/strong><\/p>\n\n\n\n<p>B&amp;O Wohnungswirtschaft mbH, Projektleiter<\/p>\n\n\n\n<p><strong>2006 &#8211; 2010<\/strong><\/p>\n\n\n\n<p>LEG Wohnen NRW, Leitender Techniker<\/p>\n\n\n\n<p><strong>2010<\/strong><\/p>\n\n\n\n<p>DOGEWO 21, Technischer Leiter<\/p>\n\n\n\n<p><strong>2011 &#8211; 2012<\/strong><\/p>\n\n\n\n<p>Weiterbildung zum Sachverst\u00e4ndigen f\u00fcr bebaute und unbebaute\nGrundst\u00fccke<\/p>\n\n\n\n<p><strong>seit 2011 <\/strong><\/p>\n\n\n\n<p>Jarzina Winkelmann Ruttkowski*,<\/p>\n\n\n\n<p>*in B\u00fcrogemeinschaft<\/p>\n","protected":false},"excerpt":{"rendered":"<p class=\"qua-blog-post-description\">1967 geboren in Recklinghausen 1989 &#8211; 1994 Studium FH Bochum 1994 Diplom an der FH Bochum 1994 &#8211; 1995 Architekten Lingenh\u00f6fer &amp; Partner 1995 Eintragung in die Architektenliste NRW 1996 &#8211; 1997 Selbstst\u00e4ndigkeit, B\u00fcrogemeinschaft G&amp;R 1997 &#8211; 2002 Otto Scherff GmbH, Abteilungsleiter 2002 &#8211; 2005 IEG GmbH, Planungsmanager Gro\u00dfprojekte 2005 &#8211; 2006 B&amp;O Wohnungswirtschaft mbH, [&hellip;]<\/p>\n","protected":false},"author":1,"featured_media":0,"parent":0,"menu_order":0,"comment_status":"closed","ping_status":"closed","template":"","meta":{"footnotes":""},"class_list":["post-90","page","type-page","status-publish","hentry"],"_links":{"self":[{"href":"https:\/\/www.architekten-jwr.de\/index.php?rest_route=\/wp\/v2\/pages\/90","targetHints":{"allow":["GET"]}}],"collection":[{"href":"https:\/\/www.architekten-jwr.de\/index.php?rest_route=\/wp\/v2\/pages"}],"about":[{"href":"https:\/\/www.architekten-jwr.de\/index.php?rest_route=\/wp\/v2\/types\/page"}],"author":[{"embeddable":true,"href":"https:\/\/www.architekten-jwr.de\/index.php?rest_route=\/wp\/v2\/users\/1"}],"replies":[{"embeddable":true,"href":"https:\/\/www.architekten-jwr.de\/index.php?rest_route=%2Fwp%2Fv2%2Fcomments&post=90"}],"version-history":[{"count":2,"href":"https:\/\/www.architekten-jwr.de\/index.php?rest_route=\/wp\/v2\/pages\/90\/revisions"}],"predecessor-version":[{"id":102,"href":"https:\/\/www.architekten-jwr.de\/index.php?rest_route=\/wp\/v2\/pages\/90\/revisions\/102"}],"wp:attachment":[{"href":"https:\/\/www.architekten-jwr.de\/index.php?rest_route=%2Fwp%2Fv2%2Fmedia&parent=90"}],"curies":[{"name":"wp","href":"https:\/\/api.w.org\/{rel}","templated":true}]}}