{"id":85,"date":"2019-09-04T11:23:04","date_gmt":"2019-09-04T09:23:04","guid":{"rendered":"http:\/\/demo.architekten-jwr.de\/?page_id=85"},"modified":"2019-09-04T11:32:54","modified_gmt":"2019-09-04T09:32:54","slug":"klaus-jarzina","status":"publish","type":"page","link":"https:\/\/www.architekten-jwr.de\/?page_id=85","title":{"rendered":"Klaus Jarzina"},"content":{"rendered":"\n<p><\/p>\n\n\n\n<p><strong>1946<\/strong><\/p>\n\n\n\n<p>geboren in Schwindegg<\/p>\n\n\n\n<p><strong>1960 &#8211; 1963<\/strong><\/p>\n\n\n\n<p>Ausbildung zum Bauzeichner, Architekt Felix Freihoff<\/p>\n\n\n\n<p><strong>1963 &#8211; 1966<\/strong><\/p>\n\n\n\n<p>Ausbildung zum Maurer<\/p>\n\n\n\n<p><strong>1969 &#8211; 1972<\/strong><\/p>\n\n\n\n<p>Studienbeginn FH Bochum<\/p>\n\n\n\n<p><strong>1969 &#8211; 1972<\/strong><\/p>\n\n\n\n<p>Freier Mitarbeiter, Architekturb\u00fcr Zschoch<\/p>\n\n\n\n<p><strong>1972<\/strong><\/p>\n\n\n\n<p>Abschluss: Ingenieur (grad.), Architektur und St\u00e4dtebau<\/p>\n\n\n\n<p><strong>1972 &#8211; 1978<\/strong><\/p>\n\n\n\n<p>Architekturb\u00fcro Zschoch und Nachbarschulte<\/p>\n\n\n\n<p><strong>1975<\/strong><\/p>\n\n\n\n<p>Eintragung in die Architektenliste NRW<\/p>\n\n\n\n<p><strong>1978<\/strong><\/p>\n\n\n\n<p>Gr\u00fcndung des B\u00fcros f\u00fcr Architektur und Stadtplanung Jarzina\n+ Winkelmann GbR<\/p>\n\n\n\n<p><strong>1982<\/strong><\/p>\n\n\n\n<p>Sachverst\u00e4ndiger f\u00fcr die Bewertung von bebauten und\nunbebauten Grundst\u00fccken<\/p>\n\n\n\n<p><strong>1978 &#8211; 1991<\/strong><\/p>\n\n\n\n<p>B\u00fcro Am Markt Castrop-Rauxel<\/p>\n\n\n\n<p><strong>1991 &#8211;<\/strong><\/p>\n\n\n\n<p>B\u00fcro Viktoriastra\u00dfe 6, Castrop-Rauxel<\/p>\n\n\n\n<p><strong>1996<\/strong><\/p>\n\n\n\n<p>Eintragung in die Stadtplanerliste NRW<\/p>\n","protected":false},"excerpt":{"rendered":"<p class=\"qua-blog-post-description\">1946 geboren in Schwindegg 1960 &#8211; 1963 Ausbildung zum Bauzeichner, Architekt Felix Freihoff 1963 &#8211; 1966 Ausbildung zum Maurer 1969 &#8211; 1972 Studienbeginn FH Bochum 1969 &#8211; 1972 Freier Mitarbeiter, Architekturb\u00fcr Zschoch 1972 Abschluss: Ingenieur (grad.), Architektur und St\u00e4dtebau 1972 &#8211; 1978 Architekturb\u00fcro Zschoch und Nachbarschulte 1975 Eintragung in die Architektenliste NRW 1978 Gr\u00fcndung des [&hellip;]<\/p>\n","protected":false},"author":1,"featured_media":0,"parent":0,"menu_order":0,"comment_status":"closed","ping_status":"closed","template":"","meta":{"footnotes":""},"class_list":["post-85","page","type-page","status-publish","hentry"],"_links":{"self":[{"href":"https:\/\/www.architekten-jwr.de\/index.php?rest_route=\/wp\/v2\/pages\/85","targetHints":{"allow":["GET"]}}],"collection":[{"href":"https:\/\/www.architekten-jwr.de\/index.php?rest_route=\/wp\/v2\/pages"}],"about":[{"href":"https:\/\/www.architekten-jwr.de\/index.php?rest_route=\/wp\/v2\/types\/page"}],"author":[{"embeddable":true,"href":"https:\/\/www.architekten-jwr.de\/index.php?rest_route=\/wp\/v2\/users\/1"}],"replies":[{"embeddable":true,"href":"https:\/\/www.architekten-jwr.de\/index.php?rest_route=%2Fwp%2Fv2%2Fcomments&post=85"}],"version-history":[{"count":2,"href":"https:\/\/www.architekten-jwr.de\/index.php?rest_route=\/wp\/v2\/pages\/85\/revisions"}],"predecessor-version":[{"id":100,"href":"https:\/\/www.architekten-jwr.de\/index.php?rest_route=\/wp\/v2\/pages\/85\/revisions\/100"}],"wp:attachment":[{"href":"https:\/\/www.architekten-jwr.de\/index.php?rest_route=%2Fwp%2Fv2%2Fmedia&parent=85"}],"curies":[{"name":"wp","href":"https:\/\/api.w.org\/{rel}","templated":true}]}}