{"id":306,"date":"2020-02-12T09:57:22","date_gmt":"2020-02-12T08:57:22","guid":{"rendered":"http:\/\/demo.architekten-jwr.de\/?page_id=306"},"modified":"2020-05-11T19:50:14","modified_gmt":"2020-05-11T17:50:14","slug":"impressum","status":"publish","type":"page","link":"https:\/\/www.architekten-jwr.de\/?page_id=306","title":{"rendered":"Impressum"},"content":{"rendered":"\n<p class=\"has-small-font-size\">Jarzina Winkelmann Ruttkowski*<br>*in B\u00fcrogemeinschaft<\/p>\n\n\n\n<p>Viktoriastra\u00dfe 6<br>44575 Castrop-Rauxel<\/p>\n\n\n\n<p>Tel. 02305.29045<br>Fax. 02305.29046<\/p>\n\n\n\n<p>mail:&nbsp;<a href=\"mailto:kontakt@architekten-jwr.de\">kontakt@architekten-jwr.de<\/a><\/p>\n\n\n\n<p>web: www.architekten-jwr.de<\/p>\n\n\n\n<p><strong>Zust\u00e4ndige Kammer\u00a0\u00a0\u00a0\u00a0\u00a0<\/strong>\u00a0 <br>Architektenkammer Nordrhein-Westfalen<\/p>\n\n\n\n<p><strong>Berufsordnung\u00a0\u00a0\u00a0\u00a0\u00a0\u00a0\u00a0\u00a0\u00a0\u00a0\u00a0\u00a0\u00a0\u00a0\u00a0\u00a0 <\/strong><br>Baukammerngesetz NRW (BauKaG NRW)<br>Durchf\u00fchrungsverordnung zum Baukammerngesetz (DVO BauKaG NRW)<br>Hauptsatzung der Architektenkammer NRW<\/p>\n\n\n\n<p><strong>USt.-Ident-Nr.\u00a0\u00a0 \u00a0\u00a0<\/strong>\u00a0\u00a0\u00a0\u00a0\u00a0\u00a0\u00a0\u00a0\u00a0\u00a0\u00a0\u00a0\u00a0 <br>Klaus Jarzina und Klaus Winkelmann GbR Nr. 340\/5855\/4014<\/p>\n\n\n\n<p><strong>Inhatlich verantwortlich \u00a0<\/strong>\u00a0\u00a0\u00a0\u00a0\u00a0\u00a0\u00a0\u00a0\u00a0\u00a0\u00a0\u00a0\u00a0\u00a0 <br>Klaus Winkelmann<\/p>\n\n\n\n<p><strong>Haftungshinweis<\/strong><br>Die Jarzina und Winkelmann GbR kann trotz sorgf\u00e4ltiger inhaltlicher Kontrolle keine Haftung f\u00fcr die Inhalte externer Links \u00fcbernehmen. F\u00fcr den Inhalt der verlinkten Seiten sind ausschlie\u00dflich deren Betreiber verantwortlich.Urheberrech: Alle weiteren auf der Internetseite ver\u00f6ffentlichten Werke wie Texte und Bilder unterliegen dem Urheberrecht der Jarzina und Winkelmann GbR, sofern dieses nicht anders gekennzeichnet ist. Jede Speicherung, Verbreitung, Vervielf\u00e4ltigung, \u00dcbermittlung, Sendung und Wieder- bzw. Weitergabe der Inhalte sind ohne schriftliche Genehmigung der Jarzina und Winkelmann GbR ausdr\u00fccklich untersagt.<\/p>\n\n\n\n<div class=\"wp-block-group is-layout-flow wp-block-group-is-layout-flow\"><div class=\"wp-block-group__inner-container\"><\/div><\/div>\n","protected":false},"excerpt":{"rendered":"<p class=\"qua-blog-post-description\">Jarzina Winkelmann Ruttkowski**in B\u00fcrogemeinschaft Viktoriastra\u00dfe 644575 Castrop-Rauxel Tel. 02305.29045Fax. 02305.29046 mail:&nbsp;kontakt@architekten-jwr.de web: www.architekten-jwr.de Zust\u00e4ndige Kammer\u00a0\u00a0\u00a0\u00a0\u00a0\u00a0 Architektenkammer Nordrhein-Westfalen Berufsordnung\u00a0\u00a0\u00a0\u00a0\u00a0\u00a0\u00a0\u00a0\u00a0\u00a0\u00a0\u00a0\u00a0\u00a0\u00a0\u00a0 Baukammerngesetz NRW (BauKaG NRW)Durchf\u00fchrungsverordnung zum Baukammerngesetz (DVO BauKaG NRW)Hauptsatzung der Architektenkammer NRW USt.-Ident-Nr.\u00a0\u00a0 \u00a0\u00a0\u00a0\u00a0\u00a0\u00a0\u00a0\u00a0\u00a0\u00a0\u00a0\u00a0\u00a0\u00a0\u00a0 Klaus Jarzina und Klaus Winkelmann GbR Nr. 340\/5855\/4014 Inhatlich verantwortlich \u00a0\u00a0\u00a0\u00a0\u00a0\u00a0\u00a0\u00a0\u00a0\u00a0\u00a0\u00a0\u00a0\u00a0\u00a0 Klaus Winkelmann HaftungshinweisDie Jarzina und Winkelmann GbR kann trotz sorgf\u00e4ltiger inhaltlicher Kontrolle [&hellip;]<\/p>\n","protected":false},"author":1,"featured_media":0,"parent":0,"menu_order":0,"comment_status":"closed","ping_status":"closed","template":"","meta":{"footnotes":""},"class_list":["post-306","page","type-page","status-publish","hentry"],"_links":{"self":[{"href":"https:\/\/www.architekten-jwr.de\/index.php?rest_route=\/wp\/v2\/pages\/306","targetHints":{"allow":["GET"]}}],"collection":[{"href":"https:\/\/www.architekten-jwr.de\/index.php?rest_route=\/wp\/v2\/pages"}],"about":[{"href":"https:\/\/www.architekten-jwr.de\/index.php?rest_route=\/wp\/v2\/types\/page"}],"author":[{"embeddable":true,"href":"https:\/\/www.architekten-jwr.de\/index.php?rest_route=\/wp\/v2\/users\/1"}],"replies":[{"embeddable":true,"href":"https:\/\/www.architekten-jwr.de\/index.php?rest_route=%2Fwp%2Fv2%2Fcomments&post=306"}],"version-history":[{"count":4,"href":"https:\/\/www.architekten-jwr.de\/index.php?rest_route=\/wp\/v2\/pages\/306\/revisions"}],"predecessor-version":[{"id":377,"href":"https:\/\/www.architekten-jwr.de\/index.php?rest_route=\/wp\/v2\/pages\/306\/revisions\/377"}],"wp:attachment":[{"href":"https:\/\/www.architekten-jwr.de\/index.php?rest_route=%2Fwp%2Fv2%2Fmedia&parent=306"}],"curies":[{"name":"wp","href":"https:\/\/api.w.org\/{rel}","templated":true}]}}