{"id":15,"date":"2019-09-02T13:32:44","date_gmt":"2019-09-02T13:32:44","guid":{"rendered":"http:\/\/demo.architekten-jwr.de\/?page_id=15"},"modified":"2020-10-28T20:27:32","modified_gmt":"2020-10-28T19:27:32","slug":"leistungen","status":"publish","type":"page","link":"https:\/\/www.architekten-jwr.de\/?page_id=15","title":{"rendered":"Leistungen"},"content":{"rendered":"\n<p><\/p>\n\n\n\n<p><\/p>\n\n\n\n<p>Bei diesen Leistungen k\u00f6nnen Sie auf uns bauen:<br>&#8211; Entwurf und Ausf\u00fchrungsplanung<br>&#8211; Ausschreibung (Einzelgewerke oder GU-Ausschreibung)<br>&#8211; Funktionalausschreibung f\u00fcr schl\u00fcsselfertiges Bauen<br>&#8211; Bauleitung, Objekt\u00fcberwachung<br>&#8211; Machbarkeitsstudien und Kostenanlaysen<br>&#8211; St\u00e4dtebauliche Gutachten und Rahmenpl\u00e4ne<br>&#8211; Wertgutachten<br>&#8211; Gutachten bei Baum\u00e4ngeln<br>&#8211; Bauherrenbegleitung bei Bautr\u00e4germa\u00dfnahmen<br>&#8211; Baubegleitende Qualit\u00e4tssicherung<br>&#8211; Visualisierung (3D-Animation, fotorealistische Darstellung)<br>&#8211; Projektentwicklung Generationen \u00fcbergreifendes Wohnen<br>&#8211; Projektsteuerung<\/p>\n\n\n\n<p>Das B\u00fcro in der Beletage der B\u00fcrgermeistervilla steht hierzu auf h\u00f6chstem technischen Niveau zur Verf\u00fcgung:<br>CAD-Netzwerk: AutoCad Architecture 2019 mit Acadgraph Palladio 2019<br>AVA-Netzwerk: ZIP-AVA mit CAD-Schnittstelle, GAEB-konform<br>Datenbank als Grundlage f\u00fcr eine verl\u00e4ssliche Kostenanalyse.<br>Au\u00dferdem steht die Begleitung von diversen Initiativen, Vereinen, Genossenschaften und Interessengemeinschaften mit zivilgesellschaftlichem Engagement in unserem Focus, vor allen Dingen die Hilfestellung bei der Entwicklung von Strategien und Projektmanagement.<\/p>\n","protected":false},"excerpt":{"rendered":"<p class=\"qua-blog-post-description\">Bei diesen Leistungen k\u00f6nnen Sie auf uns bauen:&#8211; Entwurf und Ausf\u00fchrungsplanung&#8211; Ausschreibung (Einzelgewerke oder GU-Ausschreibung)&#8211; Funktionalausschreibung f\u00fcr schl\u00fcsselfertiges Bauen&#8211; Bauleitung, Objekt\u00fcberwachung&#8211; Machbarkeitsstudien und Kostenanlaysen&#8211; St\u00e4dtebauliche Gutachten und Rahmenpl\u00e4ne&#8211; Wertgutachten&#8211; Gutachten bei Baum\u00e4ngeln&#8211; Bauherrenbegleitung bei Bautr\u00e4germa\u00dfnahmen&#8211; Baubegleitende Qualit\u00e4tssicherung&#8211; Visualisierung (3D-Animation, fotorealistische Darstellung)&#8211; Projektentwicklung Generationen \u00fcbergreifendes Wohnen&#8211; Projektsteuerung Das B\u00fcro in der Beletage der B\u00fcrgermeistervilla steht hierzu [&hellip;]<\/p>\n","protected":false},"author":1,"featured_media":0,"parent":0,"menu_order":0,"comment_status":"closed","ping_status":"closed","template":"","meta":{"footnotes":""},"class_list":["post-15","page","type-page","status-publish","hentry"],"_links":{"self":[{"href":"https:\/\/www.architekten-jwr.de\/index.php?rest_route=\/wp\/v2\/pages\/15","targetHints":{"allow":["GET"]}}],"collection":[{"href":"https:\/\/www.architekten-jwr.de\/index.php?rest_route=\/wp\/v2\/pages"}],"about":[{"href":"https:\/\/www.architekten-jwr.de\/index.php?rest_route=\/wp\/v2\/types\/page"}],"author":[{"embeddable":true,"href":"https:\/\/www.architekten-jwr.de\/index.php?rest_route=\/wp\/v2\/users\/1"}],"replies":[{"embeddable":true,"href":"https:\/\/www.architekten-jwr.de\/index.php?rest_route=%2Fwp%2Fv2%2Fcomments&post=15"}],"version-history":[{"count":8,"href":"https:\/\/www.architekten-jwr.de\/index.php?rest_route=\/wp\/v2\/pages\/15\/revisions"}],"predecessor-version":[{"id":605,"href":"https:\/\/www.architekten-jwr.de\/index.php?rest_route=\/wp\/v2\/pages\/15\/revisions\/605"}],"wp:attachment":[{"href":"https:\/\/www.architekten-jwr.de\/index.php?rest_route=%2Fwp%2Fv2%2Fmedia&parent=15"}],"curies":[{"name":"wp","href":"https:\/\/api.w.org\/{rel}","templated":true}]}}