{"id":11,"date":"2019-09-02T13:31:51","date_gmt":"2019-09-02T13:31:51","guid":{"rendered":"http:\/\/demo.architekten-jwr.de\/?page_id=11"},"modified":"2020-07-01T09:21:51","modified_gmt":"2020-07-01T07:21:51","slug":"team","status":"publish","type":"page","link":"https:\/\/www.architekten-jwr.de\/?page_id=11","title":{"rendered":"Team"},"content":{"rendered":"\n<div class=\"wp-block-group is-layout-flow wp-block-group-is-layout-flow\"><div class=\"wp-block-group__inner-container\"><\/div><\/div>\n\n\n\n<p><strong>Gr\u00fcndungspartner:<\/strong><br><a href=\"https:\/\/www.architekten-jwr.de\/?page_id=85\">Klaus Jarzina, Architekt + Stadtplaner<\/a><br>Meister des Details und Garant f\u00fcr Kostensicherheit<a href=\"http:\/\/demo.architekten-jwr.de\/?page_id=85\"><br><\/a><a href=\"https:\/\/www.architekten-jwr.de\/?page_id=88\">Klaus Winkelmann, Architekt + Stadtplaner<\/a><br>Die Funktionalit\u00e4t eines Geb\u00e4udes und dessen st\u00e4dtebaulicher und \u00f6kologischer Kontext sind der Stoff, aus dem seine Werke entwickelt werden.<\/p>\n\n\n\n<p><strong>Architekten in B\u00fcrogemeinschaft:<\/strong><br><a href=\"https:\/\/www.architekten-jwr.de\/?page_id=90\">Thomas Ruttkowski, Dipl.-Ing.(FH), Architekt<\/a><\/p>\n\n\n\n<p><strong>Weitere techn. Mitarbeiter:<\/strong><br>Nora Kirsch, B.Sc. Architecture<\/p>\n\n\n\n<p><strong>Sekretariat:<\/strong><br>Christa Keuchel<\/p>\n","protected":false},"excerpt":{"rendered":"<p class=\"qua-blog-post-description\">Gr\u00fcndungspartner:Klaus Jarzina, Architekt + StadtplanerMeister des Details und Garant f\u00fcr KostensicherheitKlaus Winkelmann, Architekt + StadtplanerDie Funktionalit\u00e4t eines Geb\u00e4udes und dessen st\u00e4dtebaulicher und \u00f6kologischer Kontext sind der Stoff, aus dem seine Werke entwickelt werden. Architekten in B\u00fcrogemeinschaft:Thomas Ruttkowski, Dipl.-Ing.(FH), Architekt Weitere techn. Mitarbeiter:Nora Kirsch, B.Sc. Architecture Sekretariat:Christa Keuchel<\/p>\n","protected":false},"author":1,"featured_media":0,"parent":0,"menu_order":0,"comment_status":"closed","ping_status":"closed","template":"","meta":{"footnotes":""},"class_list":["post-11","page","type-page","status-publish","hentry"],"_links":{"self":[{"href":"https:\/\/www.architekten-jwr.de\/index.php?rest_route=\/wp\/v2\/pages\/11","targetHints":{"allow":["GET"]}}],"collection":[{"href":"https:\/\/www.architekten-jwr.de\/index.php?rest_route=\/wp\/v2\/pages"}],"about":[{"href":"https:\/\/www.architekten-jwr.de\/index.php?rest_route=\/wp\/v2\/types\/page"}],"author":[{"embeddable":true,"href":"https:\/\/www.architekten-jwr.de\/index.php?rest_route=\/wp\/v2\/users\/1"}],"replies":[{"embeddable":true,"href":"https:\/\/www.architekten-jwr.de\/index.php?rest_route=%2Fwp%2Fv2%2Fcomments&post=11"}],"version-history":[{"count":11,"href":"https:\/\/www.architekten-jwr.de\/index.php?rest_route=\/wp\/v2\/pages\/11\/revisions"}],"predecessor-version":[{"id":532,"href":"https:\/\/www.architekten-jwr.de\/index.php?rest_route=\/wp\/v2\/pages\/11\/revisions\/532"}],"wp:attachment":[{"href":"https:\/\/www.architekten-jwr.de\/index.php?rest_route=%2Fwp%2Fv2%2Fmedia&parent=11"}],"curies":[{"name":"wp","href":"https:\/\/api.w.org\/{rel}","templated":true}]}}